{"id":756,"date":"2022-05-31T17:26:03","date_gmt":"2022-05-31T15:26:03","guid":{"rendered":"https:\/\/web-ard.dk\/?page_id=756"},"modified":"2023-02-09T14:18:52","modified_gmt":"2023-02-09T13:18:52","slug":"vedligehold-serviceaftaler","status":"publish","type":"page","link":"https:\/\/web-ard.dk\/en\/vedligehold-serviceaftaler\/","title":{"rendered":"Vedligehold &#038; Serviceaftaler"},"content":{"rendered":"<div data-elementor-type=\"wp-page\" data-elementor-id=\"756\" class=\"elementor elementor-756\" data-elementor-post-type=\"page\">\n\t\t\t\t\t\t<section class=\"elementor-section elementor-top-section elementor-element elementor-element-5167ce0 elementor-section-stretched elementor-section-height-min-height elementor-section-boxed elementor-section-height-default elementor-section-items-middle\" data-id=\"5167ce0\" data-element_type=\"section\" data-e-type=\"section\" data-settings=\"{&quot;stretch_section&quot;:&quot;section-stretched&quot;,&quot;background_background&quot;:&quot;classic&quot;}\">\n\t\t\t\t\t\t\t<div class=\"elementor-background-overlay\"><\/div>\n\t\t\t\t\t\t\t<div class=\"elementor-container elementor-column-gap-default\">\n\t\t\t\t\t<div class=\"elementor-column elementor-col-100 elementor-top-column elementor-element elementor-element-7d85896\" data-id=\"7d85896\" data-element_type=\"column\" data-e-type=\"column\">\n\t\t\t<div class=\"elementor-widget-wrap elementor-element-populated\">\n\t\t\t\t\t\t<div class=\"elementor-element elementor-element-c359b7d animated-slow elementor-invisible elementor-widget elementor-widget-heading\" data-id=\"c359b7d\" data-element_type=\"widget\" data-e-type=\"widget\" data-settings=\"{&quot;_animation&quot;:&quot;fadeIn&quot;}\" data-widget_type=\"heading.default\">\n\t\t\t\t<div class=\"elementor-widget-container\">\n\t\t\t\t\t<h1 class=\"elementor-heading-title elementor-size-default\">Vedligehold &amp; Serviceaftaler<\/h1>\t\t\t\t<\/div>\n\t\t\t\t<\/div>\n\t\t\t\t\t<\/div>\n\t\t<\/div>\n\t\t\t\t\t<\/div>\n\t\t<\/section>\n\t\t\t\t<section class=\"elementor-section elementor-top-section elementor-element elementor-element-93b64e0 elementor-section-boxed elementor-section-height-default elementor-section-height-default\" data-id=\"93b64e0\" data-element_type=\"section\" data-e-type=\"section\" data-settings=\"{&quot;background_background&quot;:&quot;classic&quot;,&quot;shape_divider_bottom&quot;:&quot;wave-brush&quot;}\">\n\t\t\t\t\t<div class=\"elementor-shape elementor-shape-bottom\" aria-hidden=\"true\" data-negative=\"false\">\n\t\t\t<svg xmlns=\"http:\/\/www.w3.org\/2000\/svg\" viewbox=\"0 0 283.5 27.8\" preserveaspectratio=\"none\">\n\t<path class=\"elementor-shape-fill\" d=\"M283.5,9.7c0,0-7.3,4.3-14,4.6c-6.8,0.3-12.6,0-20.9-1.5c-11.3-2-33.1-10.1-44.7-5.7\ts-12.1,4.6-18,7.4c-6.6,3.2-20,9.6-36.6,9.3C131.6,23.5,99.5,7.2,86.3,8c-1.4,0.1-6.6,0.8-10.5,2c-3.8,1.2-9.4,3.8-17,4.7\tc-3.2,0.4-8.3,1.1-14.2,0.9c-1.5-0.1-6.3-0.4-12-1.6c-5.7-1.2-11-3.1-15.8-3.7C6.5,9.2,0,10.8,0,10.8V0h283.5V9.7z M260.8,11.3\tc-0.7-1-2-0.4-4.3-0.4c-2.3,0-6.1-1.2-5.8-1.1c0.3,0.1,3.1,1.5,6,1.9C259.7,12.2,261.4,12.3,260.8,11.3z M242.4,8.6\tc0,0-2.4-0.2-5.6-0.9c-3.2-0.8-10.3-2.8-15.1-3.5c-8.2-1.1-15.8,0-15.1,0.1c0.8,0.1,9.6-0.6,17.6,1.1c3.3,0.7,9.3,2.2,12.4,2.7\tC239.9,8.7,242.4,8.6,242.4,8.6z M185.2,8.5c1.7-0.7-13.3,4.7-18.5,6.1c-2.1,0.6-6.2,1.6-10,2c-3.9,0.4-8.9,0.4-8.8,0.5\tc0,0.2,5.8,0.8,11.2,0c5.4-0.8,5.2-1.1,7.6-1.6C170.5,14.7,183.5,9.2,185.2,8.5z M199.1,6.9c0.2,0-0.8-0.4-4.8,1.1\tc-4,1.5-6.7,3.5-6.9,3.7c-0.2,0.1,3.5-1.8,6.6-3C197,7.5,199,6.9,199.1,6.9z M283,6c-0.1,0.1-1.9,1.1-4.8,2.5s-6.9,2.8-6.7,2.7\tc0.2,0,3.5-0.6,7.4-2.5C282.8,6.8,283.1,5.9,283,6z M31.3,11.6c0.1-0.2-1.9-0.2-4.5-1.2s-5.4-1.6-7.8-2C15,7.6,7.3,8.5,7.7,8.6\tC8,8.7,15.9,8.3,20.2,9.3c2.2,0.5,2.4,0.5,5.7,1.6S31.2,11.9,31.3,11.6z M73,9.2c0.4-0.1,3.5-1.6,8.4-2.6c4.9-1.1,8.9-0.5,8.9-0.8\tc0-0.3-1-0.9-6.2-0.3S72.6,9.3,73,9.2z M71.6,6.7C71.8,6.8,75,5.4,77.3,5c2.3-0.3,1.9-0.5,1.9-0.6c0-0.1-1.1-0.2-2.7,0.2\tC74.8,5.1,71.4,6.6,71.6,6.7z M93.6,4.4c0.1,0.2,3.5,0.8,5.6,1.8c2.1,1,1.8,0.6,1.9,0.5c0.1-0.1-0.8-0.8-2.4-1.3\tC97.1,4.8,93.5,4.2,93.6,4.4z M65.4,11.1c-0.1,0.3,0.3,0.5,1.9-0.2s2.6-1.3,2.2-1.2s-0.9,0.4-2.5,0.8C65.3,10.9,65.5,10.8,65.4,11.1\tz M34.5,12.4c-0.2,0,2.1,0.8,3.3,0.9c1.2,0.1,2,0.1,2-0.2c0-0.3-0.1-0.5-1.6-0.4C36.6,12.8,34.7,12.4,34.5,12.4z M152.2,21.1\tc-0.1,0.1-2.4-0.3-7.5-0.3c-5,0-13.6-2.4-17.2-3.5c-3.6-1.1,10,3.9,16.5,4.1C150.5,21.6,152.3,21,152.2,21.1z\"\/>\n\t<path class=\"elementor-shape-fill\" d=\"M269.6,18c-0.1-0.1-4.6,0.3-7.2,0c-7.3-0.7-17-3.2-16.6-2.9c0.4,0.3,13.7,3.1,17,3.3\tC267.7,18.8,269.7,18,269.6,18z\"\/>\n\t<path class=\"elementor-shape-fill\" d=\"M227.4,9.8c-0.2-0.1-4.5-1-9.5-1.2c-5-0.2-12.7,0.6-12.3,0.5c0.3-0.1,5.9-1.8,13.3-1.2\tS227.6,9.9,227.4,9.8z\"\/>\n\t<path class=\"elementor-shape-fill\" d=\"M204.5,13.4c-0.1-0.1,2-1,3.2-1.1c1.2-0.1,2,0,2,0.3c0,0.3-0.1,0.5-1.6,0.4\tC206.4,12.9,204.6,13.5,204.5,13.4z\"\/>\n\t<path class=\"elementor-shape-fill\" d=\"M201,10.6c0-0.1-4.4,1.2-6.3,2.2c-1.9,0.9-6.2,3.1-6.1,3.1c0.1,0.1,4.2-1.6,6.3-2.6\tS201,10.7,201,10.6z\"\/>\n\t<path class=\"elementor-shape-fill\" d=\"M154.5,26.7c-0.1-0.1-4.6,0.3-7.2,0c-7.3-0.7-17-3.2-16.6-2.9c0.4,0.3,13.7,3.1,17,3.3\tC152.6,27.5,154.6,26.8,154.5,26.7z\"\/>\n\t<path class=\"elementor-shape-fill\" d=\"M41.9,19.3c0,0,1.2-0.3,2.9-0.1c1.7,0.2,5.8,0.9,8.2,0.7c4.2-0.4,7.4-2.7,7-2.6\tc-0.4,0-4.3,2.2-8.6,1.9c-1.8-0.1-5.1-0.5-6.7-0.4S41.9,19.3,41.9,19.3z\"\/>\n\t<path class=\"elementor-shape-fill\" d=\"M75.5,12.6c0.2,0.1,2-0.8,4.3-1.1c2.3-0.2,2.1-0.3,2.1-0.5c0-0.1-1.8-0.4-3.4,0\tC76.9,11.5,75.3,12.5,75.5,12.6z\"\/>\n\t<path class=\"elementor-shape-fill\" d=\"M15.6,13.2c0-0.1,4.3,0,6.7,0.5c2.4,0.5,5,1.9,5,2c0,0.1-2.7-0.8-5.1-1.4\tC19.9,13.7,15.7,13.3,15.6,13.2z\"\/>\n<\/svg>\t\t<\/div>\n\t\t\t\t\t<div class=\"elementor-container elementor-column-gap-default\">\n\t\t\t\t\t<div class=\"elementor-column elementor-col-100 elementor-top-column elementor-element elementor-element-38d0eff\" data-id=\"38d0eff\" data-element_type=\"column\" data-e-type=\"column\">\n\t\t\t<div class=\"elementor-widget-wrap\">\n\t\t\t\t\t\t\t<\/div>\n\t\t<\/div>\n\t\t\t\t\t<\/div>\n\t\t<\/section>\n\t\t\t\t<section class=\"elementor-section elementor-top-section elementor-element elementor-element-3086200 elementor-reverse-mobile elementor-section-boxed elementor-section-height-default elementor-section-height-default\" data-id=\"3086200\" data-element_type=\"section\" data-e-type=\"section\" data-settings=\"{&quot;background_background&quot;:&quot;classic&quot;}\">\n\t\t\t\t\t\t<div class=\"elementor-container elementor-column-gap-default\">\n\t\t\t\t\t<div class=\"elementor-column elementor-col-50 elementor-top-column elementor-element elementor-element-8574c97\" data-id=\"8574c97\" data-element_type=\"column\" data-e-type=\"column\">\n\t\t\t<div class=\"elementor-widget-wrap elementor-element-populated\">\n\t\t\t\t\t\t<div class=\"elementor-element elementor-element-cbac60f elementor-widget elementor-widget-image\" data-id=\"cbac60f\" data-element_type=\"widget\" data-e-type=\"widget\" data-widget_type=\"image.default\">\n\t\t\t\t<div class=\"elementor-widget-container\">\n\t\t\t\t\t\t\t\t\t\t\t\t\t\t\t<img fetchpriority=\"high\" decoding=\"async\" width=\"800\" height=\"534\" src=\"https:\/\/web-ard.dk\/wp-content\/uploads\/2022\/05\/STYRK-1-1024x683.png\" class=\"attachment-large size-large wp-image-742\" alt=\"styrk\" srcset=\"https:\/\/web-ard.dk\/wp-content\/uploads\/2022\/05\/STYRK-1-1024x683.png 1024w, https:\/\/web-ard.dk\/wp-content\/uploads\/2022\/05\/STYRK-1-300x200.png 300w, https:\/\/web-ard.dk\/wp-content\/uploads\/2022\/05\/STYRK-1-768x512.png 768w, https:\/\/web-ard.dk\/wp-content\/uploads\/2022\/05\/STYRK-1-1536x1024.png 1536w, https:\/\/web-ard.dk\/wp-content\/uploads\/2022\/05\/STYRK-1-2048x1365.png 2048w\" sizes=\"(max-width: 800px) 100vw, 800px\" \/>\t\t\t\t\t\t\t\t\t\t\t\t\t\t\t<\/div>\n\t\t\t\t<\/div>\n\t\t\t\t\t<\/div>\n\t\t<\/div>\n\t\t\t\t<div class=\"elementor-column elementor-col-50 elementor-top-column elementor-element elementor-element-85cbd99\" data-id=\"85cbd99\" data-element_type=\"column\" data-e-type=\"column\">\n\t\t\t<div class=\"elementor-widget-wrap elementor-element-populated\">\n\t\t\t\t\t\t<div class=\"elementor-element elementor-element-e700ff5 elementor-widget elementor-widget-text-editor\" data-id=\"e700ff5\" data-element_type=\"widget\" data-e-type=\"widget\" data-widget_type=\"text-editor.default\">\n\t\t\t\t<div class=\"elementor-widget-container\">\n\t\t\t\t\t\t\t\t\t<p>Som en del af vores arbejde tilbyder vi ogs\u00e5 serviceaftaler, dette g\u00e6lder b\u00e5de hvis vi<br \/>har st\u00e5et for din hjemmeside men ogs\u00e5 hvis du har f\u00e5et lavet din hjemmeside et andet sted og \u00f8nsker serviceaftale hos os. Kontakt os for n\u00e6rmere snak ang\u00e5ende hvad den indeb\u00e6rer samt pris, s\u00e5 skr\u00e6ddersyer vi den perfekte serviceaftale som du har brug for.<\/p>\t\t\t\t\t\t\t\t<\/div>\n\t\t\t\t<\/div>\n\t\t\t\t\t<\/div>\n\t\t<\/div>\n\t\t\t\t\t<\/div>\n\t\t<\/section>\n\t\t\t\t<\/div>","protected":false},"excerpt":{"rendered":"<p>Vedligehold &#038; Serviceaftaler Som en del af vores arbejde tilbyder vi ogs\u00e5 serviceaftaler, dette g\u00e6lder b\u00e5de hvis vihar st\u00e5et for din hjemmeside men ogs\u00e5 hvis du har f\u00e5et lavet din hjemmeside et andet sted og \u00f8nsker serviceaftale hos os. Kontakt os for n\u00e6rmere snak ang\u00e5ende hvad den indeb\u00e6rer samt pris, s\u00e5 skr\u00e6ddersyer vi den perfekte [&hellip;]<\/p>","protected":false},"author":2,"featured_media":0,"parent":0,"menu_order":0,"comment_status":"closed","ping_status":"closed","template":"elementor_header_footer","meta":{"_monsterinsights_skip_tracking":false,"_monsterinsights_sitenote_active":false,"_monsterinsights_sitenote_note":"","_monsterinsights_sitenote_category":0,"footnotes":""},"class_list":["post-756","page","type-page","status-publish","hentry"],"yoast_head":"<!-- This site is optimized with the Yoast SEO plugin v26.9 - https:\/\/yoast.com\/product\/yoast-seo-wordpress\/ -->\n<title>WebArd | Vedligehold &amp; Serviceaftaler<\/title>\n<meta name=\"description\" content=\"Vi tilbyder ogs\u00e5 serviceaftaler, dette g\u00e6lder b\u00e5de hvis vi har lavet din hjemmeside men ogs\u00e5 hvis du har f\u00e5et lavet din hjemmeside et andet sted og \u00f8nsker serviceaftale hos os.\" \/>\n<meta name=\"robots\" content=\"index, follow, max-snippet:-1, max-image-preview:large, max-video-preview:-1\" \/>\n<link rel=\"canonical\" href=\"https:\/\/web-ard.dk\/en\/vedligehold-serviceaftaler\/\" \/>\n<meta property=\"og:locale\" content=\"en_US\" \/>\n<meta property=\"og:type\" content=\"article\" \/>\n<meta property=\"og:title\" content=\"WebArd | Vedligehold &amp; Serviceaftaler\" \/>\n<meta property=\"og:description\" content=\"Vi tilbyder ogs\u00e5 serviceaftaler, dette g\u00e6lder b\u00e5de hvis vi har lavet din hjemmeside men ogs\u00e5 hvis du har f\u00e5et lavet din hjemmeside et andet sted og \u00f8nsker serviceaftale hos os.\" \/>\n<meta property=\"og:url\" content=\"https:\/\/web-ard.dk\/en\/vedligehold-serviceaftaler\/\" \/>\n<meta property=\"og:site_name\" content=\"WebArd\" \/>\n<meta property=\"article:modified_time\" content=\"2023-02-09T13:18:52+00:00\" \/>\n<meta property=\"og:image\" content=\"https:\/\/web-ard.dk\/wp-content\/uploads\/2022\/05\/STYRK-1-1024x683.png\" \/>\n<meta name=\"twitter:card\" content=\"summary_large_image\" \/>\n<meta name=\"twitter:label1\" content=\"Est. reading time\" \/>\n\t<meta name=\"twitter:data1\" content=\"1 minute\" \/>\n<script type=\"application\/ld+json\" class=\"yoast-schema-graph\">{\"@context\":\"https:\/\/schema.org\",\"@graph\":[{\"@type\":\"WebPage\",\"@id\":\"https:\/\/web-ard.dk\/vedligehold-serviceaftaler\/\",\"url\":\"https:\/\/web-ard.dk\/vedligehold-serviceaftaler\/\",\"name\":\"WebArd | Vedligehold & Serviceaftaler\",\"isPartOf\":{\"@id\":\"https:\/\/web-ard.dk\/#website\"},\"primaryImageOfPage\":{\"@id\":\"https:\/\/web-ard.dk\/vedligehold-serviceaftaler\/#primaryimage\"},\"image\":{\"@id\":\"https:\/\/web-ard.dk\/vedligehold-serviceaftaler\/#primaryimage\"},\"thumbnailUrl\":\"https:\/\/web-ard.dk\/wp-content\/uploads\/2022\/05\/STYRK-1-1024x683.png\",\"datePublished\":\"2022-05-31T15:26:03+00:00\",\"dateModified\":\"2023-02-09T13:18:52+00:00\",\"description\":\"Vi tilbyder ogs\u00e5 serviceaftaler, dette g\u00e6lder b\u00e5de hvis vi har lavet din hjemmeside men ogs\u00e5 hvis du har f\u00e5et lavet din hjemmeside et andet sted og \u00f8nsker serviceaftale hos os.\",\"breadcrumb\":{\"@id\":\"https:\/\/web-ard.dk\/vedligehold-serviceaftaler\/#breadcrumb\"},\"inLanguage\":\"en-US\",\"potentialAction\":[{\"@type\":\"ReadAction\",\"target\":[\"https:\/\/web-ard.dk\/vedligehold-serviceaftaler\/\"]}]},{\"@type\":\"ImageObject\",\"inLanguage\":\"en-US\",\"@id\":\"https:\/\/web-ard.dk\/vedligehold-serviceaftaler\/#primaryimage\",\"url\":\"https:\/\/web-ard.dk\/wp-content\/uploads\/2022\/05\/STYRK-1-1024x683.png\",\"contentUrl\":\"https:\/\/web-ard.dk\/wp-content\/uploads\/2022\/05\/STYRK-1-1024x683.png\"},{\"@type\":\"BreadcrumbList\",\"@id\":\"https:\/\/web-ard.dk\/vedligehold-serviceaftaler\/#breadcrumb\",\"itemListElement\":[{\"@type\":\"ListItem\",\"position\":1,\"name\":\"Hjem\",\"item\":\"https:\/\/web-ard.dk\/\"},{\"@type\":\"ListItem\",\"position\":2,\"name\":\"Vedligehold &#038; Serviceaftaler\"}]},{\"@type\":\"WebSite\",\"@id\":\"https:\/\/web-ard.dk\/#website\",\"url\":\"https:\/\/web-ard.dk\/\",\"name\":\"WebArd\",\"description\":\"Webbureau\",\"publisher\":{\"@id\":\"https:\/\/web-ard.dk\/#organization\"},\"potentialAction\":[{\"@type\":\"SearchAction\",\"target\":{\"@type\":\"EntryPoint\",\"urlTemplate\":\"https:\/\/web-ard.dk\/?s={search_term_string}\"},\"query-input\":{\"@type\":\"PropertyValueSpecification\",\"valueRequired\":true,\"valueName\":\"search_term_string\"}}],\"inLanguage\":\"en-US\"},{\"@type\":\"Organization\",\"@id\":\"https:\/\/web-ard.dk\/#organization\",\"name\":\"WebArd\",\"url\":\"https:\/\/web-ard.dk\/\",\"logo\":{\"@type\":\"ImageObject\",\"inLanguage\":\"en-US\",\"@id\":\"https:\/\/web-ard.dk\/#\/schema\/logo\/image\/\",\"url\":\"https:\/\/web-ard.dk\/wp-content\/uploads\/2020\/10\/WebArd-Logo-01_3124f2abcb8b0aa51a35b621d914a7b6.png\",\"contentUrl\":\"https:\/\/web-ard.dk\/wp-content\/uploads\/2020\/10\/WebArd-Logo-01_3124f2abcb8b0aa51a35b621d914a7b6.png\",\"width\":501,\"height\":650,\"caption\":\"WebArd\"},\"image\":{\"@id\":\"https:\/\/web-ard.dk\/#\/schema\/logo\/image\/\"}}]}<\/script>\n<!-- \/ Yoast SEO plugin. -->","yoast_head_json":{"title":"WebArd | Vedligehold & Serviceaftaler","description":"Vi tilbyder ogs\u00e5 serviceaftaler, dette g\u00e6lder b\u00e5de hvis vi har lavet din hjemmeside men ogs\u00e5 hvis du har f\u00e5et lavet din hjemmeside et andet sted og \u00f8nsker serviceaftale hos os.","robots":{"index":"index","follow":"follow","max-snippet":"max-snippet:-1","max-image-preview":"max-image-preview:large","max-video-preview":"max-video-preview:-1"},"canonical":"https:\/\/web-ard.dk\/en\/vedligehold-serviceaftaler\/","og_locale":"en_US","og_type":"article","og_title":"WebArd | Vedligehold & Serviceaftaler","og_description":"Vi tilbyder ogs\u00e5 serviceaftaler, dette g\u00e6lder b\u00e5de hvis vi har lavet din hjemmeside men ogs\u00e5 hvis du har f\u00e5et lavet din hjemmeside et andet sted og \u00f8nsker serviceaftale hos os.","og_url":"https:\/\/web-ard.dk\/en\/vedligehold-serviceaftaler\/","og_site_name":"WebArd","article_modified_time":"2023-02-09T13:18:52+00:00","og_image":[{"url":"https:\/\/web-ard.dk\/wp-content\/uploads\/2022\/05\/STYRK-1-1024x683.png","type":"","width":"","height":""}],"twitter_card":"summary_large_image","twitter_misc":{"Est. reading time":"1 minute"},"schema":{"@context":"https:\/\/schema.org","@graph":[{"@type":"WebPage","@id":"https:\/\/web-ard.dk\/vedligehold-serviceaftaler\/","url":"https:\/\/web-ard.dk\/vedligehold-serviceaftaler\/","name":"WebArd | Vedligehold & Serviceaftaler","isPartOf":{"@id":"https:\/\/web-ard.dk\/#website"},"primaryImageOfPage":{"@id":"https:\/\/web-ard.dk\/vedligehold-serviceaftaler\/#primaryimage"},"image":{"@id":"https:\/\/web-ard.dk\/vedligehold-serviceaftaler\/#primaryimage"},"thumbnailUrl":"https:\/\/web-ard.dk\/wp-content\/uploads\/2022\/05\/STYRK-1-1024x683.png","datePublished":"2022-05-31T15:26:03+00:00","dateModified":"2023-02-09T13:18:52+00:00","description":"Vi tilbyder ogs\u00e5 serviceaftaler, dette g\u00e6lder b\u00e5de hvis vi har lavet din hjemmeside men ogs\u00e5 hvis du har f\u00e5et lavet din hjemmeside et andet sted og \u00f8nsker serviceaftale hos os.","breadcrumb":{"@id":"https:\/\/web-ard.dk\/vedligehold-serviceaftaler\/#breadcrumb"},"inLanguage":"en-US","potentialAction":[{"@type":"ReadAction","target":["https:\/\/web-ard.dk\/vedligehold-serviceaftaler\/"]}]},{"@type":"ImageObject","inLanguage":"en-US","@id":"https:\/\/web-ard.dk\/vedligehold-serviceaftaler\/#primaryimage","url":"https:\/\/web-ard.dk\/wp-content\/uploads\/2022\/05\/STYRK-1-1024x683.png","contentUrl":"https:\/\/web-ard.dk\/wp-content\/uploads\/2022\/05\/STYRK-1-1024x683.png"},{"@type":"BreadcrumbList","@id":"https:\/\/web-ard.dk\/vedligehold-serviceaftaler\/#breadcrumb","itemListElement":[{"@type":"ListItem","position":1,"name":"Hjem","item":"https:\/\/web-ard.dk\/"},{"@type":"ListItem","position":2,"name":"Vedligehold &#038; Serviceaftaler"}]},{"@type":"WebSite","@id":"https:\/\/web-ard.dk\/#website","url":"https:\/\/web-ard.dk\/","name":"WebArd","description":"Webbureau","publisher":{"@id":"https:\/\/web-ard.dk\/#organization"},"potentialAction":[{"@type":"SearchAction","target":{"@type":"EntryPoint","urlTemplate":"https:\/\/web-ard.dk\/?s={search_term_string}"},"query-input":{"@type":"PropertyValueSpecification","valueRequired":true,"valueName":"search_term_string"}}],"inLanguage":"en-US"},{"@type":"Organization","@id":"https:\/\/web-ard.dk\/#organization","name":"WebArd","url":"https:\/\/web-ard.dk\/","logo":{"@type":"ImageObject","inLanguage":"en-US","@id":"https:\/\/web-ard.dk\/#\/schema\/logo\/image\/","url":"https:\/\/web-ard.dk\/wp-content\/uploads\/2020\/10\/WebArd-Logo-01_3124f2abcb8b0aa51a35b621d914a7b6.png","contentUrl":"https:\/\/web-ard.dk\/wp-content\/uploads\/2020\/10\/WebArd-Logo-01_3124f2abcb8b0aa51a35b621d914a7b6.png","width":501,"height":650,"caption":"WebArd"},"image":{"@id":"https:\/\/web-ard.dk\/#\/schema\/logo\/image\/"}}]}},"_links":{"self":[{"href":"https:\/\/web-ard.dk\/en\/wp-json\/wp\/v2\/pages\/756","targetHints":{"allow":["GET"]}}],"collection":[{"href":"https:\/\/web-ard.dk\/en\/wp-json\/wp\/v2\/pages"}],"about":[{"href":"https:\/\/web-ard.dk\/en\/wp-json\/wp\/v2\/types\/page"}],"author":[{"embeddable":true,"href":"https:\/\/web-ard.dk\/en\/wp-json\/wp\/v2\/users\/2"}],"replies":[{"embeddable":true,"href":"https:\/\/web-ard.dk\/en\/wp-json\/wp\/v2\/comments?post=756"}],"version-history":[{"count":14,"href":"https:\/\/web-ard.dk\/en\/wp-json\/wp\/v2\/pages\/756\/revisions"}],"predecessor-version":[{"id":1141,"href":"https:\/\/web-ard.dk\/en\/wp-json\/wp\/v2\/pages\/756\/revisions\/1141"}],"wp:attachment":[{"href":"https:\/\/web-ard.dk\/en\/wp-json\/wp\/v2\/media?parent=756"}],"curies":[{"name":"wp","href":"https:\/\/api.w.org\/{rel}","templated":true}]}}